{"id":8,"date":"2016-02-02T22:31:08","date_gmt":"2016-02-02T21:31:08","guid":{"rendered":"http:\/\/www.dr-zauner-homoeopathie.net\/?page_id=8"},"modified":"2024-04-18T21:02:08","modified_gmt":"2024-04-18T19:02:08","slug":"anamnese","status":"publish","type":"page","link":"https:\/\/www.dr-zauner-homoeopathie.net\/?page_id=8","title":{"rendered":"Anamnese"},"content":{"rendered":"<div class=\"fusion-two-third fusion-layout-column fusion-column-last fusion-spacing-yes\" style=\"margin-top:0px;margin-bottom:20px;\"><div class=\"fusion-column-wrapper\"><p><span style=\"color: #008000;\"><strong>Anamnese<\/strong><\/span><\/p>\n<p>Dabei handelt es sich um ein ausf\u00fchrliches Erstgespr\u00e4ch, um f\u00fcr den Patientin\/den Patienten das passende hom\u00f6opathische Arzneimittel zu finden. Bei einer Anamnese wird unter anderem genau \u00fcber das Beschwerdebild der Patientin\/des Patienten, \u00fcber fr\u00fchere Erkrankungen, \u00fcber Allgemeinsymptome (Temperaturempfinden, Essensmodalit\u00e4ten, Schwei\u00df, Schlaf, usw.), sowie \u00fcber das psychische\/seelische Befinden gesprochen. F\u00fcr diese ausf\u00fchrliche Befragung rechne ich mit einem Zeitaufwand ca. einer Stunde, bei Kindern kann der entsprechende Zeitaufwand auch k\u00fcrzer sein.<\/p>\n<div class=\"fusion-clearfix\"><\/div><\/div><\/div><div class=\"fusion-clearfix\"><\/div>\n<p>Grunds\u00e4tzlich erfolgt dieses Gespr\u00e4ch pers\u00f6nlich in meiner Ordination. Aus gewissen Gr\u00fcnden kann dies nicht m\u00f6glich sein. Hier biete ich eine telefonische oder telemedizinische Konsultation (Signal) an.<\/p>\n","protected":false},"excerpt":{"rendered":"<p>Grunds\u00e4tzlich erfolgt dieses Gespr\u00e4ch pers\u00f6nlich in meiner Ordination. Aus gewissen Gr\u00fcnden kann dies nicht m\u00f6glich sein. Hier biete ich eine telefonische oder telemedizinische Konsultation (Signal) an.<\/p>\n","protected":false},"author":1,"featured_media":0,"parent":0,"menu_order":0,"comment_status":"closed","ping_status":"closed","template":"","meta":{"footnotes":""},"class_list":["post-8","page","type-page","status-publish","hentry"],"_links":{"self":[{"href":"https:\/\/www.dr-zauner-homoeopathie.net\/index.php?rest_route=\/wp\/v2\/pages\/8","targetHints":{"allow":["GET"]}}],"collection":[{"href":"https:\/\/www.dr-zauner-homoeopathie.net\/index.php?rest_route=\/wp\/v2\/pages"}],"about":[{"href":"https:\/\/www.dr-zauner-homoeopathie.net\/index.php?rest_route=\/wp\/v2\/types\/page"}],"author":[{"embeddable":true,"href":"https:\/\/www.dr-zauner-homoeopathie.net\/index.php?rest_route=\/wp\/v2\/users\/1"}],"replies":[{"embeddable":true,"href":"https:\/\/www.dr-zauner-homoeopathie.net\/index.php?rest_route=%2Fwp%2Fv2%2Fcomments&post=8"}],"version-history":[{"count":8,"href":"https:\/\/www.dr-zauner-homoeopathie.net\/index.php?rest_route=\/wp\/v2\/pages\/8\/revisions"}],"predecessor-version":[{"id":723,"href":"https:\/\/www.dr-zauner-homoeopathie.net\/index.php?rest_route=\/wp\/v2\/pages\/8\/revisions\/723"}],"wp:attachment":[{"href":"https:\/\/www.dr-zauner-homoeopathie.net\/index.php?rest_route=%2Fwp%2Fv2%2Fmedia&parent=8"}],"curies":[{"name":"wp","href":"https:\/\/api.w.org\/{rel}","templated":true}]}}