{"id":58,"date":"2016-02-02T23:10:05","date_gmt":"2016-02-02T22:10:05","guid":{"rendered":"http:\/\/www.dr-zauner-homoeopathie.net\/?page_id=58"},"modified":"2023-01-26T16:55:40","modified_gmt":"2023-01-26T15:55:40","slug":"willkommen-auf-der-homepage-von-dr-bernhard-zauner","status":"publish","type":"page","link":"https:\/\/www.dr-zauner-homoeopathie.net\/","title":{"rendered":"Auf meiner Homepage finden Sie alle wichtigen Informationen \u00fcber eine hom\u00f6opathische Behandlung und \u00fcber die Hom\u00f6opathie!"},"content":{"rendered":"\n<pre class=\"wp-block-preformatted moz-quote-pre\">&nbsp;<\/pre>\n\n\n\n<p class=\"has-text-align-center\"><span style=\"color: #008000;\"><strong>&nbsp;<\/strong><\/span><\/p>\n\n\n\n<p class=\"has-text-align-center\">Des Arztes h\u00f6chster und einziger Beruf ist, kranke Menschen gesund zu machen, was man Heilen nennt. (Samuel Hahnemann, Organon der Heilkunst, \u00a71)<\/p>\n\n\n\n<p class=\"has-text-align-center\">\u201e&#8230; ich glaube jetzt eifriger denn je an die Lehre des wundersamen Arztes, seit dem ich die Wirkung einer allerkleinsten Gabe so lebhaft gef\u00fchlt und immer wieder empfinde.\u201c(Johann Wolfgang von Goethe in einem Brief vom 02.09. 1820)<\/p>\n\n\n\n<p class=\"has-text-align-center\">&nbsp;&nbsp; Homoeopathy is the latest and refined method of treating patients economically and non violently. Goverment must encourage and patronise it in our country. (Mahathma Gandi)<\/p>\n\n\n\n<p><em><strong>Diese Seite verwendet Cookies. Cookies erleichtern die Bereitstellung unserer Dienste. Mit der Nutzung unserer Dienste erkl\u00e4ren Sie sich damit einverstanden, dass wir Cookies verwenden. N\u00e4here Informationen finden Sie unter: Impressum.<\/strong><\/em><\/p>\n","protected":false},"excerpt":{"rendered":"<p>&nbsp; &nbsp; Des Arztes h\u00f6chster und einziger Beruf ist, kranke Menschen gesund zu machen, was man Heilen nennt. (Samuel Hahnemann, Organon der Heilkunst, \u00a71) \u201e&#8230; ich glaube jetzt eifriger denn je an die Lehre des wundersamen Arztes, seit dem ich die Wirkung einer allerkleinsten Gabe so lebhaft gef\u00fchlt und immer wieder empfinde.\u201c(Johann Wolfgang von Goethe [&hellip;]<\/p>\n","protected":false},"author":1,"featured_media":0,"parent":0,"menu_order":0,"comment_status":"closed","ping_status":"closed","template":"","meta":{"footnotes":""},"class_list":["post-58","page","type-page","status-publish","hentry"],"_links":{"self":[{"href":"https:\/\/www.dr-zauner-homoeopathie.net\/index.php?rest_route=\/wp\/v2\/pages\/58","targetHints":{"allow":["GET"]}}],"collection":[{"href":"https:\/\/www.dr-zauner-homoeopathie.net\/index.php?rest_route=\/wp\/v2\/pages"}],"about":[{"href":"https:\/\/www.dr-zauner-homoeopathie.net\/index.php?rest_route=\/wp\/v2\/types\/page"}],"author":[{"embeddable":true,"href":"https:\/\/www.dr-zauner-homoeopathie.net\/index.php?rest_route=\/wp\/v2\/users\/1"}],"replies":[{"embeddable":true,"href":"https:\/\/www.dr-zauner-homoeopathie.net\/index.php?rest_route=%2Fwp%2Fv2%2Fcomments&post=58"}],"version-history":[{"count":11,"href":"https:\/\/www.dr-zauner-homoeopathie.net\/index.php?rest_route=\/wp\/v2\/pages\/58\/revisions"}],"predecessor-version":[{"id":697,"href":"https:\/\/www.dr-zauner-homoeopathie.net\/index.php?rest_route=\/wp\/v2\/pages\/58\/revisions\/697"}],"wp:attachment":[{"href":"https:\/\/www.dr-zauner-homoeopathie.net\/index.php?rest_route=%2Fwp%2Fv2%2Fmedia&parent=58"}],"curies":[{"name":"wp","href":"https:\/\/api.w.org\/{rel}","templated":true}]}}