{"id":530,"date":"2016-09-20T20:01:45","date_gmt":"2016-09-20T18:01:45","guid":{"rendered":"http:\/\/www.dr-zauner-homoeopathie.net\/?page_id=530"},"modified":"2016-09-20T20:16:00","modified_gmt":"2016-09-20T18:16:00","slug":"ueber-die-homoeopathie","status":"publish","type":"page","link":"https:\/\/www.dr-zauner-homoeopathie.net\/?page_id=530","title":{"rendered":"\u00dcber die Hom\u00f6opathie"},"content":{"rendered":"<div class=\"fusion-two-third fusion-layout-column fusion-spacing-yes\" style=\"margin-top:0px;margin-bottom:20px;\"><div class=\"fusion-column-wrapper\"><p>Die Hom\u00f6opathie ist eine Therapieform, welche auf den Arzt Dr. Samuel Hahnemann (1755 &#8211; 1843) zur\u00fcckgeht.<\/p>\n<p>Durch zahlreiche Forschungen und Beobachtungen entdeckte er vor etwas mehr als 200 Jahren das \u00c4hnlichkeitsgesetz, \u201eSimilia similibus curentur\u201c &#8211; \u201e\u00c4hnliches werde durch \u00c4hnliches geheilt\u201c.<\/p>\n<p>Hahnemann beobachtete dabei, dass eine Arznei dann einen Kranken heilen kann, wenn diese an einem Gesunden w\u00e4hrend einer Arzneimittelpr\u00fcfung dieselben Symptome zeigt.<\/p>\n<p>Bei einer Arzneimittelpr\u00fcfung beobachtet sich der gesunde Pr\u00fcfer genau, und schreibt seine Symptome nieder, welche dann zur Arzneiwahl am Kranken herangezogen werden.<\/p>\n<p>Die Aufgabe des Hom\u00f6opathen ist es, unter den vielen hom\u00f6opathischen Arzneimitteln, jenes zu finden, welches dem Patienten am \u00e4hnlichsten ist.<\/p>\n<p>Die Arzneiauswahl richtet sich nach den individuellen Symptomen des Kranken. Diagnosen, wie sie uns aus der Schulmedizin bekannt sind spielen eine untergeordnete Rolle.<\/p>\n<p>Um all diese individuellen Symptome eines Patienten zu erfassen, ist es notwendig eine m\u00f6glichst genaue Anamnese (= Unterredung zwischen Behandler und Patienten) zu erheben.<\/p>\n<p>Es sind die physischen, sowie auch die psychischen Symptome (= Gesamtheit der Symptome) zu erfragen. Auch solche Dinge, wie Nahrungsvorlieben, Tr\u00e4ume, Schlaf, usw. sind von gro\u00dfer Wichtigkeit. Ganz besonders wichtig sind au\u00dfergew\u00f6hnliche, eigent\u00fcmliche und auffallende Symptome (s. Organon der Heilkunst, 6. Auflage \u00a7153; es handelt sich dabei um eines der grundlegenden Werke der Hom\u00f6opathie, verfasst von Hahnemann).<\/p>\n<p>Je akuter ein Leiden ist, desto schneller muss der Behandler die wesentlichen Symptome finden.<\/p>\n<p>Dabei hat man nat\u00fcrlich nicht so viel Zeit, wie f\u00fcr eine Anamnese bei chronisch Kranken. Eine gute Anamnese bei chronischen F\u00e4llen sollte, um die Gesamtheit der Symptome zu erfragen, etwa 1 1\/2-Stunden dauern.<\/p>\n<div class=\"fusion-clearfix\"><\/div><\/div><\/div><div class=\"fusion-one-third fusion-layout-column fusion-column-last fusion-spacing-yes\" style=\"margin-top:0px;margin-bottom:20px;\"><div class=\"fusion-column-wrapper\"><p><img loading=\"lazy\" decoding=\"async\" class=\"alignnone size-full wp-image-477\" src=\"https:\/\/www.dr-zauner-homoeopathie.net\/wp-content\/uploads\/2016\/08\/100_0580.jpg\" alt=\"100_0580\" width=\"562\" height=\"985\" srcset=\"https:\/\/www.dr-zauner-homoeopathie.net\/wp-content\/uploads\/2016\/08\/100_0580.jpg 562w, https:\/\/www.dr-zauner-homoeopathie.net\/wp-content\/uploads\/2016\/08\/100_0580-171x300.jpg 171w\" sizes=\"auto, (max-width: 562px) 100vw, 562px\" \/><\/p>\n<div class=\"fusion-clearfix\"><\/div><\/div><\/div><div class=\"fusion-clearfix\"><\/div>\n","protected":false},"excerpt":{"rendered":"","protected":false},"author":1,"featured_media":0,"parent":0,"menu_order":0,"comment_status":"closed","ping_status":"closed","template":"","meta":{"footnotes":""},"class_list":["post-530","page","type-page","status-publish","hentry"],"_links":{"self":[{"href":"https:\/\/www.dr-zauner-homoeopathie.net\/index.php?rest_route=\/wp\/v2\/pages\/530","targetHints":{"allow":["GET"]}}],"collection":[{"href":"https:\/\/www.dr-zauner-homoeopathie.net\/index.php?rest_route=\/wp\/v2\/pages"}],"about":[{"href":"https:\/\/www.dr-zauner-homoeopathie.net\/index.php?rest_route=\/wp\/v2\/types\/page"}],"author":[{"embeddable":true,"href":"https:\/\/www.dr-zauner-homoeopathie.net\/index.php?rest_route=\/wp\/v2\/users\/1"}],"replies":[{"embeddable":true,"href":"https:\/\/www.dr-zauner-homoeopathie.net\/index.php?rest_route=%2Fwp%2Fv2%2Fcomments&post=530"}],"version-history":[{"count":2,"href":"https:\/\/www.dr-zauner-homoeopathie.net\/index.php?rest_route=\/wp\/v2\/pages\/530\/revisions"}],"predecessor-version":[{"id":533,"href":"https:\/\/www.dr-zauner-homoeopathie.net\/index.php?rest_route=\/wp\/v2\/pages\/530\/revisions\/533"}],"wp:attachment":[{"href":"https:\/\/www.dr-zauner-homoeopathie.net\/index.php?rest_route=%2Fwp%2Fv2%2Fmedia&parent=530"}],"curies":[{"name":"wp","href":"https:\/\/api.w.org\/{rel}","templated":true}]}}