{"id":40,"date":"2016-02-02T22:55:20","date_gmt":"2016-02-02T21:55:20","guid":{"rendered":"http:\/\/www.dr-zauner-homoeopathie.net\/?page_id=40"},"modified":"2025-01-10T17:20:20","modified_gmt":"2025-01-10T16:20:20","slug":"publikationen","status":"publish","type":"page","link":"https:\/\/www.dr-zauner-homoeopathie.net\/?page_id=40","title":{"rendered":"Publikationen"},"content":{"rendered":"<div class=\"fusion-two-third fusion-layout-column fusion-column-last fusion-spacing-yes\" style=\"margin-top:0px;margin-bottom:20px;\"><div class=\"fusion-column-wrapper\"><div class=\"fusion-clearfix\"><\/div><\/div><\/div><div class=\"fusion-clearfix\"><\/div><p><span style=\"color: #003300;\"><strong>Artikel :<\/strong><\/span><\/p>\n<p>Materia medica: Natrum sulfuratum; ZKH;1999;\u00a043, 187-196<\/p>\n<p>Materia medica: Natrum sulfuratum; ZKH; 2001;\u00a045, 200-210<\/p>\n<p>Ein Bewahrer der unverf\u00e4lschten Hom\u00f6opathie; ZKH; 2002;\u00a046, 167<\/p>\n<p>Korrektur einer Rubrik im Complete Repertory \u2013 Capsicum; ZKH; 2004;\u00a048, 135 -136<\/p>\n<p>Was behandeln wir mit Hom\u00f6opathie?, Aude sapere<\/p>\n<p>Hom\u00f6opathie und Wissenschaft (nach einem Vortrag von J. M. Schmidt beim IHC Ettlingen 2007); Aude sapere 2008; 10\/2, 8 \u2013 9<\/p>\n<p>Zwei kleine urologische F\u00e4lle; Aude sapere 2008; 10\/2, 15 \u2013 17<\/p>\n<p>Aloe; Aude sapere 2009; 11\/1, 18 \u2013 25<\/p>\n<p>\u00dcber die Unsicherheit unserer Marteria medica und die Sinnhaftigkeit des Quellenstudiums; Aude sapere 2009; 11\/2, 5<\/p>\n<p>Zwangsgedanken, dem eigenen Kind etwas anzutun; Aude sapere 2009;\u00a011\/2, 8 -9<\/p>\n<p>Hahnemanns Miasmenbegriff \u2013 sind wir klassische Hom\u00f6opathen, wenn wir mit \u201emodernen Misamen-\u201cTheorien\u201c arbeiten?; Aude sapere 2009, 11\/2, 10 \u2013 11<\/p>\n<p>Die hom\u00f6opathische Behandlung von Epidemien; Aude sapere 2010; 13\/1, 10-11<\/p>\n<p>Europ\u00e4ische Bibliothek f\u00fcr Hom\u00f6opathie in K\u00f6then; Aude sapere 2010; 13\/1, 13<\/p>\n<p>Das charakteristische Symptom; Aude sapere 2011; 14\/1, 6-8<\/p>\n<p>Hom\u00f6opathie 1.0 \u2013 eine Orientierungshilfe; Aude sapere 2011; 14\/1, 22<\/p>\n<p>Die Darmnosoden, Teil 1; Aude sapere 2011; 14\/2, 11-14<\/p>\n<p>Hom\u00f6opathie 2.0; Aude sapere 2011; 14\/2, 22<\/p>\n<p>Die Darmnosoden, Teil 2; Aude sapere 2012; 15\/1, 10-15<\/p>\n<p>Pfefferminze, Kaffee &amp; Co \u2013 schuldig oder unschuldig?; Aude sapere 2012; 15\/1, 16-23<\/p>\n<p>Die Behandlung alter Menschen; Aude sapere 2012; 15\/2, 14-19<\/p>\n<p>Hom\u00f6opathie 3.0; Aude sapere 2012; 15\/2, 26<\/p>\n<p>Fehler in den Repertorien \u2013 Magnesium muriaticum; ZKH 2012; 56 (3), 153-154<\/p>\n<p>Vergleich verschiedener Heuschnupfen-Repertorien anhand konkreter F\u00e4lle \u2013 Ein Vergleich macht sicherer; ZKH 2013; 57 (1), 25-33<\/p>\n<p>Hom\u00f6opathie &amp; Krebsbehandlung; ein Interview mit Alok Pareek; Aude sapere 2013; 18\/1, 12-13<\/p>\n<p>Hom\u00f6opathie 4.0; Aude sapere 2013; 18\/1, 26<\/p>\n<p>Kaffee, Pfefferminze und Kampfer: Zur Antidotierung und Di\u00e4tetik in der Hom\u00f6opathie \u2013 Ein Blick in die Hom\u00f6opathiegeschichte; ZKH 2013; 57 (2), 67-76<\/p>\n<p>Die Br\u00fcder Veith; Aude sapere 2013; 18\/2, 22-25<\/p>\n<p>Die Behandlung akuter Erkrankungen; Aude sapere 2014; 17\/1, 6-13<\/p>\n<p>Die Schwierigkeit mit Bacillinum; ZKH; 2014; 58; (3), 149-154<\/p>\n<p>Ozon-Warnung; Aude sapere 2014; 17\/2, 12-14<\/p>\n<p>Aethusa \u2013 Verifikation zum Bericht in der vorletzten Ausgabe; Aude sapere 2014; 17\/2, 14-15<\/p>\n<p>Hahnemann- B\u00f6nninghausen &#8211; Kent, Interview mit Anton Rohrer; Aude sapere 2015; 18\/1, 9-12<\/p>\n<p>Wie durstig ist Aconitum wirklich?; Aude sapere 2015; 18\/2, 9-11<\/p>\n<p>Urologische Erkrankungen bei M\u00e4nnern &#8211; verschiedene L\u00f6sungsans\u00e4tze ZKH; 2016; 60 (2), 56-63<\/p>\n<p>Der Weg f\u00fchrt zum Nordpol; Aude sapere; 2016; 19\/1, 17-21<\/p>\n<p>Acute &amp; chronic diseases \u2013 instructions in Hahnemann`s Organon 6 th edition; Liga News; April 2016, No:17, 4-11<\/p>\n<p>Eine kurze Falldarstellung: rezidivierende Anginen; ZKH; 2017; 61; (01), 17-20<\/p>\n<p><a href=\"https:\/\/www.dr-zauner-homoeopathie.net\/wp-content\/uploads\/2018\/02\/Zauner_NG.pdf\" target=\"_blank\" rel=\"noopener\">\u201eNg\u201c \u2013 Ein M\u00fchlviertler Kollege der ersten Stunde; Aude sapere; 2017; 20\/1, 18-23<\/a><\/p>\n<p><a href=\"_wp_link_placeholder\">Ein kurzer Opium-Fall; Aude sapere; 2017; 20\/2, 21<\/a><\/p>\n<p>What do we treat, what can we treat?; LMHI News; No 22; May 2018, 27-30<\/p>\n<p>Mit welcher Methode mache ich es richtig?; Aude sapere; 2018; 21\/1, 12-16<\/p>\n<p>Eignet sich die Polarit\u00e4tsanalyse f\u00fcr chronische Erkrankungen?; Aude sapere; 2018\/2, 22-26<\/p>\n<p>Polarit\u00e4tsanalyse f\u00fcr komplexe chronische Erkrankungen?; Praxis Magazin; 2019; 6, 21-24<\/p>\n<p>Zwei gyn\u00e4kologische F\u00e4lle \u2013 Arzneifindung mit dem Symptomenlexikon; AHZ; 2019; 264:29-33<\/p>\n<p>Hom\u00f6opathie als sinnvolle Erg\u00e4nzung zur konventionellen Medizin Klinikarzt 2019;48: 317-318<\/p>\n<p>Pluralismus in der Medizin; Aude sapere 2019\/2, 9-11<\/p>\n<p>Ein kurzer Fallbericht \u2013 Epicondylitis lateralis; Aude sapere 2020\/1, 6-8<\/p>\n<p>Franz Wurm(b) und der fr\u00fche Versuch einer\u00a0 universit\u00e4ren Verankerung\u00a0 der Hom\u00f6opathie; Aude sapere 2020\/2, 8-9<\/p>\n<p>Forschung &amp; Hom\u00f6opathie; Aude sapere 2020\/2, 10-11<\/p>\n<p><span style=\"color: #003300;\"><strong>Buch:<\/strong><\/span><\/p>\n<p>Mitherausgeber (gemeinsam mit J. Pannek und G. Bleul)\u00a0und Mitautor des Buches &#8222;Hom\u00f6opathie in der M\u00e4nnermedizin&#8220;; Urban &amp; Fischer, Elsevier-Verlag<\/p>\n<p><span style=\"color: #003300;\"><strong>\u00dcbersetzungen:<\/strong><\/span><\/p>\n<p>Ausgew\u00e4hlte F\u00e4lle aus 50 Jahren hom\u00f6opathischer Praxis in S\u00fcdindien von Srinivasan, K.S., Indien; ZKH 2008; 52 (2), 92-98<\/p>\n<p>Ausgew\u00e4hlte F\u00e4lle aus der Praxis von Srinivasan, K.S., Indien; ZKH 2010; 54 (1), 34-38<\/p>\n<p>Gedanken zur Hom\u00f6opathie von Srinivasan, K.S., Indien; Aude sapere 2010; 13\/1, 4-5<\/p>\n<p>Hom\u00f6opathische Behandlung maligner Harnblasentumoren von Pareek, A., Indien; Aude sapere 2012; 14\/2, 11-13<\/p>\n<p>Hom\u00f6opathische Therapie bei drei F\u00e4llen von gastrointestinaler Erkrankung von Klunker W.; Aude sapere 2019; 22\/1, 11-14 (gemeinsam mit Simma, S.)<\/p>\n<p><span style=\"color: #003300;\"><strong>Kongressberichte:<\/strong><\/span><\/p>\n<p>Jahrestagung des DZVh\u00c4 1998 in Mainz; HI\u00d6; 1998; 3, 21-25<\/p>\n<p>Kongressbericht: ICH 2007; Aude sapere 2008; 10\/2, 5 -7<\/p>\n<p>European Congress of Homeopathy 2011 Aude sapere 2011; 14\/2, 21-23 und ZKH 2011; 55 (3), 154-155 (gemeinsam mit Lucae, C)<\/p>\n<p>LMHI-Kongress 2017, Leipzig; Aude sapere 2017; 20\/2, 4-9<\/p>\n<p><span style=\"color: #003300;\"><strong>Buchrezensionen:<\/strong><\/span><\/p>\n<p>Voegeli, Adolf: \u201eLeit- und wahlanzeigende Symptome der Hom\u00f6opathie\u201c<\/p>\n<p>Frei, Heiner: \u201eDie hom\u00f6opathische Behandlung von Kindern mit ADS\/ADHS \u2013 Ein systematisches Therapiekonzept<\/p>\n<p>Clarke, John H.: \u201eErk\u00e4ltungen, Heuschnupfen und Grippe\u201c<\/p>\n<p>Bleul, Gerhard (Hrsg): \u201eHom\u00f6opathische Fallanalyse, von Hahnemann bis zur Gegenwart \u2013 die Methoden\u201c<\/p>\n<p>von der Planitz, Christa \u00a0und Lorz Thomas: \u201eHom\u00f6opathie bei Multipler Sklerose\u201c<\/p>\n<p>Stauffer, Karl: \u201eSymptomen-Verzeichnis nebst vergleichenden Zus\u00e4tzen zur hom\u00f6opathischen ArzneimittellehreHom\u00f6opathie Konkret \u2013 Klassische Hom\u00f6opathie f\u00fcr die Praxis\u201c<\/p>\n<p>Pareek R. S. &amp; A: \u201eHom\u00f6opathie f\u00fcr Notf\u00e4lle und akute Erkrankungen \u2013 Ein praktischer Leitfaden\u201c, 1. und 2. deutsche Auflage 2013<\/p>\n<p>European Committee for Homeopathy, Peinbauer, T: \u201eHomeopathy in Europe \u2013 United in Diversity\u201c<\/p>\n<p>Lehrke, Philipp; Quak, Thomas; Wurster, Jens; mit Supervisionskommentaren von Dario Spinedi: \u201eAdjuvante Hom\u00f6opathie in der Onkologie\u201c, Neuerscheinung M\u00e4rz 2018<\/p>\n<p>Zwei Buchbesprechungen: Integrative Medizin &#8211; Evidenzbasierte komplement\u00e4rmedizinische Methoden Herausgeber: Frass, Michael, Krenner, Lothar (Hrsg.) und Was wirklich wirkt &#8211; Kompass durch die Welt der sanften Medizin Autor: Nathalie Grams; Aude sapere 2020\/1, 22-25<\/p>\n<p><a href=\"https:\/\/www.dr-zauner-homoeopathie.net\/wp-content\/uploads\/2024\/12\/Faktenblatt_A4_AeKH_OeGHM_OeGVH_PW.pdf\">Faktenblatt<\/a><\/p>\n<p><span style=\"font-family: 'Georgia','serif';\"><span style=\"color: #000000;\">\u00a0<\/span><\/span><\/p>\n\n","protected":false},"excerpt":{"rendered":"","protected":false},"author":1,"featured_media":0,"parent":0,"menu_order":0,"comment_status":"closed","ping_status":"closed","template":"","meta":{"footnotes":""},"class_list":["post-40","page","type-page","status-publish","hentry"],"_links":{"self":[{"href":"https:\/\/www.dr-zauner-homoeopathie.net\/index.php?rest_route=\/wp\/v2\/pages\/40","targetHints":{"allow":["GET"]}}],"collection":[{"href":"https:\/\/www.dr-zauner-homoeopathie.net\/index.php?rest_route=\/wp\/v2\/pages"}],"about":[{"href":"https:\/\/www.dr-zauner-homoeopathie.net\/index.php?rest_route=\/wp\/v2\/types\/page"}],"author":[{"embeddable":true,"href":"https:\/\/www.dr-zauner-homoeopathie.net\/index.php?rest_route=\/wp\/v2\/users\/1"}],"replies":[{"embeddable":true,"href":"https:\/\/www.dr-zauner-homoeopathie.net\/index.php?rest_route=%2Fwp%2Fv2%2Fcomments&post=40"}],"version-history":[{"count":54,"href":"https:\/\/www.dr-zauner-homoeopathie.net\/index.php?rest_route=\/wp\/v2\/pages\/40\/revisions"}],"predecessor-version":[{"id":769,"href":"https:\/\/www.dr-zauner-homoeopathie.net\/index.php?rest_route=\/wp\/v2\/pages\/40\/revisions\/769"}],"wp:attachment":[{"href":"https:\/\/www.dr-zauner-homoeopathie.net\/index.php?rest_route=%2Fwp%2Fv2%2Fmedia&parent=40"}],"curies":[{"name":"wp","href":"https:\/\/api.w.org\/{rel}","templated":true}]}}