{"id":342,"date":"2016-06-23T14:08:23","date_gmt":"2016-06-23T12:08:23","guid":{"rendered":"http:\/\/www.dr-zauner-homoeopathie.net\/?page_id=342"},"modified":"2021-04-08T08:49:59","modified_gmt":"2021-04-08T06:49:59","slug":"empfehlenswerte-homoeopathinnen","status":"publish","type":"page","link":"https:\/\/www.dr-zauner-homoeopathie.net\/?page_id=342","title":{"rendered":"Empfehlenswerte Hom\u00f6opathinnen"},"content":{"rendered":"<div class=\"fusion-two-third fusion-layout-column fusion-spacing-yes\" style=\"margin-top:0px;margin-bottom:20px;\"><div class=\"fusion-column-wrapper\"><div id=\"container_content_rightcol_main\">\n<div><strong><span style=\"color: #008000;\">Empfehlenswerte Hom\u00f6opathen in Ober\u00f6sterreich:<\/span><\/strong><\/div>\n<div><\/div>\n<div><\/div>\n<div><\/div>\n<div id=\"article_headline\"><a href=\"http:\/\/www.aefh.at\/\" target=\"_blank\" rel=\"noopener\">Dr. Christoph Abermann, \u00c4rztezentrum f\u00fcr Hom\u00f6opathie, Gmunden<\/a><\/div>\n<div><\/div>\n<div><a href=\"http:\/\/www.dr-gubo.at\/cms\/\" target=\"_blank\" rel=\"noopener\">Drs. Gubo, V\u00f6cklabruck<\/a><\/div>\n<p><a href=\"https:\/\/www.dr-menschick.at\/\" target=\"_blank\" rel=\"noopener\">Dr. Maria Menschick, Grieskirchen<\/a><\/p>\n<p><a href=\"https:\/\/www.praxisnetz-homoeopathie.at\/\" target=\"_blank\" rel=\"noopener\">Dr. Thomas Peinbauer, Praxisnetz Hom\u00f6opathie, Linz<\/a><\/p>\n<p><a href=\"https:\/\/www.drschipflinger.at\/\" target=\"_blank\" rel=\"noopener\">Dr. Guntmar Schipflinger, Linz<\/a><\/p>\n<\/div>\n<div id=\"container_content_rightcol_main\">\n<div id=\"article_headline\"><strong><span style=\"color: #008000;\">Empfehlenswerte Hom\u00f6opathen au\u00dferhalb Ober\u00f6sterreichs:<\/span><\/strong><\/div>\n<p><span style=\"color: #008000;\">Salzburg:<\/span><\/p>\n<p><a href=\"http:\/\/www.dr-meisinger.com\/\" target=\"_blank\" rel=\"noopener\">Dr. Alexander Meisinger, Seekirchen<\/a><\/p>\n<p><a href=\"http:\/\/www.ordination-weixler.at\/home\" target=\"_blank\" rel=\"noopener\">Dr. Stefanie Weixler, Salzburg<\/a><\/p>\n<p><span style=\"color: #008000;\">Wien:<\/span><\/p>\n<p><a href=\"https:\/\/www.dr-lazcano.at\/\" target=\"_blank\" rel=\"noopener\">Dr. Elisabeth Lazcano<\/a><\/p>\n<p><a href=\"http:\/\/www.drkaspar.com\/\" target=\"_blank\" rel=\"noopener\">Dr. Barbara Kaspar<\/a><\/p>\n<p><a href=\"https:\/\/www.kerbl-seidelberger.at\/\" target=\"_blank\" rel=\"noopener\">Dr. Elisabeth Kerbl-Seidelberger<\/a><\/p>\n<p><a href=\"https:\/\/www.arzt-dr-hoeller.at\/\" target=\"_blank\" rel=\"noopener\">Dr. Birgit H\u00f6ller<\/a><\/p>\n<p><span style=\"color: #008000;\">Lichtenstein:<\/span><\/p>\n<p><a href=\"http:\/\/www.puschkarski.com\/\" target=\"_blank\" rel=\"noopener\">Dr. Matthias Puschkarski<\/a><\/p>\n<p><span style=\"color: #008000;\">Deutschland (M\u00fcnchen, n\u00e4he):<\/span><\/p>\n<p><a href=\"https:\/\/www.lucae.net\/\" target=\"_blank\" rel=\"noopener\">Dr. Christian Lucae<\/a><\/p>\n<p><strong><span style=\"color: #008000;\">Tier\u00e4rzte:<\/span><\/strong><\/p>\n<p><a href=\"https:\/\/www.tierarzt-ridler.at\/\" target=\"_blank\" rel=\"noopener\">Mag. Michael Ridler, H\u00f6henhart<\/a><\/p>\n<p><a href=\"https:\/\/www.tierhomoeopathie-weiermayer.at\/\" target=\"_blank\" rel=\"noopener\">Dr. Petra Weiermayer, Wien<\/a><\/p>\n<p><a href=\"https:\/\/hufgesundheit.at\/\" target=\"_blank\" rel=\"noopener\">Mag. Karin Schmid, Mank<\/a><\/p>\n<\/div>\n<div class=\"fusion-clearfix\"><\/div><\/div><\/div><div class=\"fusion-one-third fusion-layout-column fusion-column-last fusion-spacing-yes\" style=\"margin-top:0px;margin-bottom:20px;\"><div class=\"fusion-column-wrapper\"><div class=\"fusion-clearfix\"><\/div><\/div><\/div><div class=\"fusion-clearfix\"><\/div>\n","protected":false},"excerpt":{"rendered":"","protected":false},"author":1,"featured_media":0,"parent":0,"menu_order":0,"comment_status":"closed","ping_status":"closed","template":"","meta":{"footnotes":""},"class_list":["post-342","page","type-page","status-publish","hentry"],"_links":{"self":[{"href":"https:\/\/www.dr-zauner-homoeopathie.net\/index.php?rest_route=\/wp\/v2\/pages\/342","targetHints":{"allow":["GET"]}}],"collection":[{"href":"https:\/\/www.dr-zauner-homoeopathie.net\/index.php?rest_route=\/wp\/v2\/pages"}],"about":[{"href":"https:\/\/www.dr-zauner-homoeopathie.net\/index.php?rest_route=\/wp\/v2\/types\/page"}],"author":[{"embeddable":true,"href":"https:\/\/www.dr-zauner-homoeopathie.net\/index.php?rest_route=\/wp\/v2\/users\/1"}],"replies":[{"embeddable":true,"href":"https:\/\/www.dr-zauner-homoeopathie.net\/index.php?rest_route=%2Fwp%2Fv2%2Fcomments&post=342"}],"version-history":[{"count":11,"href":"https:\/\/www.dr-zauner-homoeopathie.net\/index.php?rest_route=\/wp\/v2\/pages\/342\/revisions"}],"predecessor-version":[{"id":687,"href":"https:\/\/www.dr-zauner-homoeopathie.net\/index.php?rest_route=\/wp\/v2\/pages\/342\/revisions\/687"}],"wp:attachment":[{"href":"https:\/\/www.dr-zauner-homoeopathie.net\/index.php?rest_route=%2Fwp%2Fv2%2Fmedia&parent=342"}],"curies":[{"name":"wp","href":"https:\/\/api.w.org\/{rel}","templated":true}]}}