{"id":26,"date":"2016-02-02T22:38:22","date_gmt":"2016-02-02T21:38:22","guid":{"rendered":"http:\/\/www.dr-zauner-homoeopathie.net\/?page_id=26"},"modified":"2016-08-25T19:04:57","modified_gmt":"2016-08-25T17:04:57","slug":"hausapotheke","status":"publish","type":"page","link":"https:\/\/www.dr-zauner-homoeopathie.net\/?page_id=26","title":{"rendered":"Hausapotheke"},"content":{"rendered":"<div class=\"fusion-two-third fusion-layout-column fusion-spacing-yes\" style=\"margin-top:0px;margin-bottom:20px;\"><div class=\"fusion-column-wrapper\"><p><strong><span style=\"color: #008000;\">Hausapotheke<\/span><\/strong><\/p>\n<div id=\"container_content_rightcol_main\">\n<p>Zusammen mit der Apotheke in Retz (Firma Homeocur) wurde eine hom\u00f6opathische Hausapotheke mit 30 von mir empfohlenen Arzneimitteln zusammengestellt. Hierbei handelt es sich gro\u00dfteils um Akutmittel, welche nach telefonischer R\u00fccksprache zuhause eingenommen werden.<\/p>\n<p>Die Hausapotheke eignet sich auch optimal als Reiseapotheke.<\/p>\n<p>Zu beziehen \u00fcber die Firma <strong><a href=\"http:\/\/www.apotheke-homoeopathie-kraeutertee.com\/de\/pages\/homoeopathie-kraeutertee.aspx\" target=\"_blank\">Homeocur<\/a><\/strong> in Retz<\/p>\n<\/div>\n<div class=\"fusion-clearfix\"><\/div><\/div><\/div><div class=\"fusion-one-third fusion-layout-column fusion-column-last fusion-spacing-yes\" style=\"margin-top:0px;margin-bottom:20px;\"><div class=\"fusion-column-wrapper\"><p><img loading=\"lazy\" decoding=\"async\" class=\"alignnone size-full wp-image-460\" src=\"https:\/\/www.dr-zauner-homoeopathie.net\/wp-content\/uploads\/2016\/08\/P1030699.jpg\" alt=\"P1030699\" width=\"4608\" height=\"3456\" srcset=\"https:\/\/www.dr-zauner-homoeopathie.net\/wp-content\/uploads\/2016\/08\/P1030699.jpg 4608w, https:\/\/www.dr-zauner-homoeopathie.net\/wp-content\/uploads\/2016\/08\/P1030699-300x225.jpg 300w, https:\/\/www.dr-zauner-homoeopathie.net\/wp-content\/uploads\/2016\/08\/P1030699-768x576.jpg 768w, https:\/\/www.dr-zauner-homoeopathie.net\/wp-content\/uploads\/2016\/08\/P1030699-1024x768.jpg 1024w\" sizes=\"auto, (max-width: 4608px) 100vw, 4608px\" \/><\/p>\n<div class=\"fusion-clearfix\"><\/div><\/div><\/div><div class=\"fusion-clearfix\"><\/div>\n","protected":false},"excerpt":{"rendered":"","protected":false},"author":1,"featured_media":0,"parent":0,"menu_order":0,"comment_status":"closed","ping_status":"closed","template":"","meta":{"footnotes":""},"class_list":["post-26","page","type-page","status-publish","hentry"],"_links":{"self":[{"href":"https:\/\/www.dr-zauner-homoeopathie.net\/index.php?rest_route=\/wp\/v2\/pages\/26","targetHints":{"allow":["GET"]}}],"collection":[{"href":"https:\/\/www.dr-zauner-homoeopathie.net\/index.php?rest_route=\/wp\/v2\/pages"}],"about":[{"href":"https:\/\/www.dr-zauner-homoeopathie.net\/index.php?rest_route=\/wp\/v2\/types\/page"}],"author":[{"embeddable":true,"href":"https:\/\/www.dr-zauner-homoeopathie.net\/index.php?rest_route=\/wp\/v2\/users\/1"}],"replies":[{"embeddable":true,"href":"https:\/\/www.dr-zauner-homoeopathie.net\/index.php?rest_route=%2Fwp%2Fv2%2Fcomments&post=26"}],"version-history":[{"count":7,"href":"https:\/\/www.dr-zauner-homoeopathie.net\/index.php?rest_route=\/wp\/v2\/pages\/26\/revisions"}],"predecessor-version":[{"id":466,"href":"https:\/\/www.dr-zauner-homoeopathie.net\/index.php?rest_route=\/wp\/v2\/pages\/26\/revisions\/466"}],"wp:attachment":[{"href":"https:\/\/www.dr-zauner-homoeopathie.net\/index.php?rest_route=%2Fwp%2Fv2%2Fmedia&parent=26"}],"curies":[{"name":"wp","href":"https:\/\/api.w.org\/{rel}","templated":true}]}}