{"id":18,"date":"2016-02-02T22:34:25","date_gmt":"2016-02-02T21:34:25","guid":{"rendered":"http:\/\/www.dr-zauner-homoeopathie.net\/?page_id=18"},"modified":"2024-04-18T20:55:05","modified_gmt":"2024-04-18T18:55:05","slug":"finanzielles","status":"publish","type":"page","link":"https:\/\/www.dr-zauner-homoeopathie.net\/?page_id=18","title":{"rendered":"Finanzielles"},"content":{"rendered":"<div id=\"container_content_rightcol_main\">\n<div id=\"article_headline\"><span style=\"color: #008000;\"><strong>Behandlungskosten<\/strong><\/span><\/div>\n<p>Der Beginn einer hom\u00f6opathischen Behandlung (Erstgespr\u00e4ch) ist relativ kostenintensiv, was durch den gro\u00dfen Zeitaufwand zu erkl\u00e4ren ist. Der verrechnete Betrag richtet sich nach der Zeit, welche die hom\u00f6opathische Behandlung in Anspruch nimmt.<br \/>\nDer zeitliche Aufwand ist bei Kindern geringer als bei Erwachsenen. Folgegespr\u00e4che sind aufgrund des geringeren Zeitaufwandes entsprechend billiger. Genaue Angaben \u00fcber die H\u00f6he der Honorare d\u00fcrfen aus rechtlichen Gr\u00fcnden nicht \u00f6ffentlich bekannt gegeben werden.<\/p>\n<\/div>\n<div id=\"container_content_rightcol_main\">\n<div id=\"article_headline\"><strong><span style=\"color: #008000;\">Honorarr\u00fcckerstattung<\/span><\/strong><\/div>\n<p>Die Krankenkasse honoriert eine hom\u00f6opathische Behandlung nicht, es wird nur ein Teil der Kosten \u00fcbernommen.<br \/>\nEs gibt eine Kostenerstattung f\u00fcr Wahl\u00e4rzte: es werden Kosten in H\u00f6he von 80% jenes Tarifes, den ein Vertragsarzt f\u00fcr dieselbe Leistung erhaltet, r\u00fcckerstattet. Wie viel Sie jeweils von der Krankenkasse zur\u00fcckbekommen ist auch abh\u00e4ngig, bei welcher Krankenkasse Sie versichert sind.<\/p>\n<p>F\u00fcr die R\u00fcckerstattung ist es erforderlich, ein Ansuchen mit dem entsprechenden Formular, welches bei der Krankenkasse zu beziehen ist, zu stellen. Auch die Originalrechnung und der Zahlungsbeleg m\u00fcssen beiliegen. Bei R\u00fcckerstattungsschwierigkeiten wenden Sie sich bitte an die Patienten-Servicestelle der \u00c4rztekammer f\u00fcr Ober\u00f6sterreich.<\/p>\n<p><span style=\"color: #008000;\"><strong>Terminabsage<\/strong><\/span><\/p>\n<p>Ich ersuche um eine Absage sp\u00e4testens 48 Stunden vor dem vereinbarten Termin. Ansonsten wird die reservierte Zeit zu 2\/3 verrechnet!<\/p>\n<p><strong><a href=\"https:\/\/www.dr-zauner-homoeopathie.net\/wp-content\/uploads\/2016\/03\/GKK-R\u00fcckerstattungsformular.pdf\" target=\"_blank\" rel=\"noopener\">Hier finden Sie das R\u00fcckerstattungsformular der \u00d6GK<\/a><\/strong><\/p>\n<\/div>\n","protected":false},"excerpt":{"rendered":"<p>Behandlungskosten Der Beginn einer hom\u00f6opathischen Behandlung (Erstgespr\u00e4ch) ist relativ kostenintensiv, was durch den gro\u00dfen Zeitaufwand zu erkl\u00e4ren ist. Der verrechnete Betrag richtet sich nach der Zeit, welche die hom\u00f6opathische Behandlung in Anspruch nimmt. Der zeitliche Aufwand ist bei Kindern geringer als bei Erwachsenen. Folgegespr\u00e4che sind aufgrund des geringeren Zeitaufwandes entsprechend billiger. Genaue Angaben \u00fcber die [&hellip;]<\/p>\n","protected":false},"author":1,"featured_media":0,"parent":0,"menu_order":0,"comment_status":"closed","ping_status":"closed","template":"","meta":{"footnotes":""},"class_list":["post-18","page","type-page","status-publish","hentry"],"_links":{"self":[{"href":"https:\/\/www.dr-zauner-homoeopathie.net\/index.php?rest_route=\/wp\/v2\/pages\/18","targetHints":{"allow":["GET"]}}],"collection":[{"href":"https:\/\/www.dr-zauner-homoeopathie.net\/index.php?rest_route=\/wp\/v2\/pages"}],"about":[{"href":"https:\/\/www.dr-zauner-homoeopathie.net\/index.php?rest_route=\/wp\/v2\/types\/page"}],"author":[{"embeddable":true,"href":"https:\/\/www.dr-zauner-homoeopathie.net\/index.php?rest_route=\/wp\/v2\/users\/1"}],"replies":[{"embeddable":true,"href":"https:\/\/www.dr-zauner-homoeopathie.net\/index.php?rest_route=%2Fwp%2Fv2%2Fcomments&post=18"}],"version-history":[{"count":9,"href":"https:\/\/www.dr-zauner-homoeopathie.net\/index.php?rest_route=\/wp\/v2\/pages\/18\/revisions"}],"predecessor-version":[{"id":722,"href":"https:\/\/www.dr-zauner-homoeopathie.net\/index.php?rest_route=\/wp\/v2\/pages\/18\/revisions\/722"}],"wp:attachment":[{"href":"https:\/\/www.dr-zauner-homoeopathie.net\/index.php?rest_route=%2Fwp%2Fv2%2Fmedia&parent=18"}],"curies":[{"name":"wp","href":"https:\/\/api.w.org\/{rel}","templated":true}]}}